{"id":102,"date":"2018-11-13T17:01:31","date_gmt":"2018-11-13T17:01:31","guid":{"rendered":"https:\/\/combusuper.com\/?page_id=102"},"modified":"2018-11-14T18:13:14","modified_gmt":"2018-11-14T18:13:14","slug":"agricultura","status":"publish","type":"page","link":"https:\/\/combusuper.com\/index.php\/agricultura\/","title":{"rendered":"Agricultura"},"content":{"rendered":"<p><img loading=\"lazy\" decoding=\"async\" class=\"wp-image-88 aligncenter\" src=\"https:\/\/combusuper.com\/wp-content\/uploads\/2018\/11\/36815702_2115909338647090_7828341726828822528_o-300x169.jpg\" alt=\"\" width=\"476\" height=\"268\" srcset=\"https:\/\/combusuper.com\/wp-content\/uploads\/2018\/11\/36815702_2115909338647090_7828341726828822528_o-300x169.jpg 300w, https:\/\/combusuper.com\/wp-content\/uploads\/2018\/11\/36815702_2115909338647090_7828341726828822528_o-768x432.jpg 768w, https:\/\/combusuper.com\/wp-content\/uploads\/2018\/11\/36815702_2115909338647090_7828341726828822528_o-1024x576.jpg 1024w, https:\/\/combusuper.com\/wp-content\/uploads\/2018\/11\/36815702_2115909338647090_7828341726828822528_o.jpg 1440w\" sizes=\"(max-width: 476px) 100vw, 476px\" \/><\/p>\n<p>Nuestro gas\u00f3leo agr\u00edcola o B es un carburante con unas\u00a0<strong>propiedades espec\u00edficas, que lo convierten en la soluci\u00f3n ideal para la actividad agr\u00edcola<\/strong>. Para la maquinaria agropecuaria, este tipo de carburantes protege de forma adecuada su sistema de alimentaci\u00f3n y sus inyectores, prolongando la vida \u00fatil de las m\u00e1quinas y potenciando su utilidad.<\/p>\n","protected":false},"excerpt":{"rendered":"<p>Nuestro gas\u00f3leo agr\u00edcola o B es un carburante con unas\u00a0propiedades espec\u00edficas, que lo convierten en la soluci\u00f3n ideal para la actividad agr\u00edcola. Para la maquinaria agropecuaria, este tipo de carburantes protege de forma adecuada su sistema de alimentaci\u00f3n y sus inyectores, prolongando la vida \u00fatil de las m\u00e1quinas y potenciando su utilidad.<\/p>\n","protected":false},"author":1,"featured_media":0,"parent":0,"menu_order":0,"comment_status":"closed","ping_status":"closed","template":"","meta":{"footnotes":""},"class_list":["post-102","page","type-page","status-publish","hentry"],"_links":{"self":[{"href":"https:\/\/combusuper.com\/index.php\/wp-json\/wp\/v2\/pages\/102"}],"collection":[{"href":"https:\/\/combusuper.com\/index.php\/wp-json\/wp\/v2\/pages"}],"about":[{"href":"https:\/\/combusuper.com\/index.php\/wp-json\/wp\/v2\/types\/page"}],"author":[{"embeddable":true,"href":"https:\/\/combusuper.com\/index.php\/wp-json\/wp\/v2\/users\/1"}],"replies":[{"embeddable":true,"href":"https:\/\/combusuper.com\/index.php\/wp-json\/wp\/v2\/comments?post=102"}],"version-history":[{"count":4,"href":"https:\/\/combusuper.com\/index.php\/wp-json\/wp\/v2\/pages\/102\/revisions"}],"predecessor-version":[{"id":172,"href":"https:\/\/combusuper.com\/index.php\/wp-json\/wp\/v2\/pages\/102\/revisions\/172"}],"wp:attachment":[{"href":"https:\/\/combusuper.com\/index.php\/wp-json\/wp\/v2\/media?parent=102"}],"curies":[{"name":"wp","href":"https:\/\/api.w.org\/{rel}","templated":true}]}}