{"id":105,"date":"2018-11-13T17:12:34","date_gmt":"2018-11-13T17:12:34","guid":{"rendered":"https:\/\/combusuper.com\/?page_id=105"},"modified":"2018-11-13T17:12:34","modified_gmt":"2018-11-13T17:12:34","slug":"automocion","status":"publish","type":"page","link":"https:\/\/combusuper.com\/index.php\/automocion\/","title":{"rendered":"Automocion"},"content":{"rendered":"<p>Si dispone de una flota de veh\u00edculos, no dude en llamarnos para ofrecerle nuestro GAS\u00d3LEO A , un combustible de la mejor calidad y con los aditivos necesarios para que sus veh\u00edculos rindan al m\u00e1ximo. Podemos asesorarle tambi\u00e9n para la colocaci\u00f3n de su instalaci\u00f3n con dep\u00f3sito homologado. Su empresa ganar\u00e1 en precio del combustible y en optimizaci\u00f3n del tiempo al no tener que hacer colas en las gasolineras.<\/p>\n","protected":false},"excerpt":{"rendered":"<p>Si dispone de una flota de veh\u00edculos, no dude en llamarnos para ofrecerle nuestro GAS\u00d3LEO A , un combustible de la mejor calidad y con los aditivos necesarios para que sus veh\u00edculos rindan al m\u00e1ximo. Podemos asesorarle tambi\u00e9n para la colocaci\u00f3n de su instalaci\u00f3n con dep\u00f3sito homologado. Su empresa ganar\u00e1 en precio del combustible y [&hellip;]<\/p>\n","protected":false},"author":1,"featured_media":106,"parent":0,"menu_order":0,"comment_status":"closed","ping_status":"closed","template":"","meta":{"footnotes":""},"class_list":["post-105","page","type-page","status-publish","has-post-thumbnail","hentry"],"_links":{"self":[{"href":"https:\/\/combusuper.com\/index.php\/wp-json\/wp\/v2\/pages\/105"}],"collection":[{"href":"https:\/\/combusuper.com\/index.php\/wp-json\/wp\/v2\/pages"}],"about":[{"href":"https:\/\/combusuper.com\/index.php\/wp-json\/wp\/v2\/types\/page"}],"author":[{"embeddable":true,"href":"https:\/\/combusuper.com\/index.php\/wp-json\/wp\/v2\/users\/1"}],"replies":[{"embeddable":true,"href":"https:\/\/combusuper.com\/index.php\/wp-json\/wp\/v2\/comments?post=105"}],"version-history":[{"count":1,"href":"https:\/\/combusuper.com\/index.php\/wp-json\/wp\/v2\/pages\/105\/revisions"}],"predecessor-version":[{"id":107,"href":"https:\/\/combusuper.com\/index.php\/wp-json\/wp\/v2\/pages\/105\/revisions\/107"}],"wp:featuredmedia":[{"embeddable":true,"href":"https:\/\/combusuper.com\/index.php\/wp-json\/wp\/v2\/media\/106"}],"wp:attachment":[{"href":"https:\/\/combusuper.com\/index.php\/wp-json\/wp\/v2\/media?parent=105"}],"curies":[{"name":"wp","href":"https:\/\/api.w.org\/{rel}","templated":true}]}}