{"id":12,"date":"2018-11-11T16:49:33","date_gmt":"2018-11-11T16:49:33","guid":{"rendered":"https:\/\/combusuper.com\/?page_id=12"},"modified":"2018-11-11T21:06:38","modified_gmt":"2018-11-11T21:06:38","slug":"una-seccion-de-la-pagina-de-inicio","status":"publish","type":"page","link":"https:\/\/combusuper.com\/index.php\/una-seccion-de-la-pagina-de-inicio\/","title":{"rendered":"Una secci\u00f3n de la p\u00e1gina de inicio"},"content":{"rendered":"<p>NOTA INFORMATIVA PARA NUESTROS CLIENTES SOBRE LA DIFERENCIA ENTRE EL GAS\u00d3LEO B (rojo) y GAS\u00d3LEO C (azul).<\/p>\n<p>En las calderas que utilizan gas\u00f3leo como combustible surge la duda de si se puede utilizar gas\u00f3leo B (agr\u00edcola-rojo) en vez del gas\u00f3leo C (calefacci\u00f3n-azul). La respuesta a esta pregunta es que hay dos motivos fundamentales para utilizar Gas\u00f3leo C:<br \/>\nAhorro energ\u00e9tico.<br \/>\nTanto el gas\u00f3leo B como el C tienen un poder calor\u00edfico parecido (aproximadamente 10.250 kcal\/kg). Pero la diferencia es la densidad. El gas\u00f3leo C tiene aproximadamente de media una densidad de 880 kg\/m3, mientras que el gas\u00f3leo B tiene 830 kg\/m3 de densidad. Esto quiere decir que si se necesitan 10.000 litros de gas\u00f3leo B para calentar algo, con algo m\u00e1s de 9.400 litros de gas\u00f3leo C hubiera sido suficiente, y como el gas\u00f3leo se vende en litros el ahorro supera el 5%.<br \/>\nEl gas\u00f3leo B est\u00e1 dise\u00f1ado para quemar como carburante en motores de explosi\u00f3n interna, con unos paquetes de aditivos muy diferentes a los que tiene el gas\u00f3leo C, que est\u00e1 dise\u00f1ado para quemar como combustible en quemadores de calderas. Si se utiliza gas\u00f3leo B en calderas se pueden formar sales que ensucien y obstruyan los quemadores. Aunque a priori se piense  que al ser un gas\u00f3leo m\u00e1s ligero vaya a mantener m\u00e1s limpio el circuito de combustible.<\/p>\n","protected":false},"excerpt":{"rendered":"<p>NOTA INFORMATIVA PARA NUESTROS CLIENTES SOBRE LA DIFERENCIA ENTRE EL GAS\u00d3LEO B (rojo) y GAS\u00d3LEO C (azul). En las calderas que utilizan gas\u00f3leo como combustible surge la duda de si se puede utilizar gas\u00f3leo B (agr\u00edcola-rojo) en vez del gas\u00f3leo C (calefacci\u00f3n-azul). La respuesta a esta pregunta es que hay dos motivos fundamentales para utilizar [&hellip;]<\/p>\n","protected":false},"author":1,"featured_media":56,"parent":0,"menu_order":0,"comment_status":"closed","ping_status":"closed","template":"","meta":{"footnotes":""},"class_list":["post-12","page","type-page","status-publish","has-post-thumbnail","hentry"],"_links":{"self":[{"href":"https:\/\/combusuper.com\/index.php\/wp-json\/wp\/v2\/pages\/12"}],"collection":[{"href":"https:\/\/combusuper.com\/index.php\/wp-json\/wp\/v2\/pages"}],"about":[{"href":"https:\/\/combusuper.com\/index.php\/wp-json\/wp\/v2\/types\/page"}],"author":[{"embeddable":true,"href":"https:\/\/combusuper.com\/index.php\/wp-json\/wp\/v2\/users\/1"}],"replies":[{"embeddable":true,"href":"https:\/\/combusuper.com\/index.php\/wp-json\/wp\/v2\/comments?post=12"}],"version-history":[{"count":2,"href":"https:\/\/combusuper.com\/index.php\/wp-json\/wp\/v2\/pages\/12\/revisions"}],"predecessor-version":[{"id":57,"href":"https:\/\/combusuper.com\/index.php\/wp-json\/wp\/v2\/pages\/12\/revisions\/57"}],"wp:featuredmedia":[{"embeddable":true,"href":"https:\/\/combusuper.com\/index.php\/wp-json\/wp\/v2\/media\/56"}],"wp:attachment":[{"href":"https:\/\/combusuper.com\/index.php\/wp-json\/wp\/v2\/media?parent=12"}],"curies":[{"name":"wp","href":"https:\/\/api.w.org\/{rel}","templated":true}]}}