{"id":124,"date":"2018-11-14T13:16:44","date_gmt":"2018-11-14T13:16:44","guid":{"rendered":"https:\/\/combusuper.com\/?page_id=124"},"modified":"2018-11-14T13:18:48","modified_gmt":"2018-11-14T13:18:48","slug":"acceso-a-cualquier-lugar","status":"publish","type":"page","link":"https:\/\/combusuper.com\/index.php\/acceso-a-cualquier-lugar\/","title":{"rendered":"Acceso a cualquier lugar"},"content":{"rendered":"<p>Con nuestra manguera de 60 metros podemos acceder a tu dep\u00f3sito por complicada que est\u00e9 su ubicaci\u00f3n.<\/p>\n","protected":false},"excerpt":{"rendered":"<p>Con nuestra manguera de 60 metros podemos acceder a tu dep\u00f3sito por complicada que est\u00e9 su ubicaci\u00f3n.<\/p>\n","protected":false},"author":1,"featured_media":89,"parent":0,"menu_order":2,"comment_status":"closed","ping_status":"closed","template":"","meta":{"footnotes":""},"class_list":["post-124","page","type-page","status-publish","has-post-thumbnail","hentry"],"_links":{"self":[{"href":"https:\/\/combusuper.com\/index.php\/wp-json\/wp\/v2\/pages\/124"}],"collection":[{"href":"https:\/\/combusuper.com\/index.php\/wp-json\/wp\/v2\/pages"}],"about":[{"href":"https:\/\/combusuper.com\/index.php\/wp-json\/wp\/v2\/types\/page"}],"author":[{"embeddable":true,"href":"https:\/\/combusuper.com\/index.php\/wp-json\/wp\/v2\/users\/1"}],"replies":[{"embeddable":true,"href":"https:\/\/combusuper.com\/index.php\/wp-json\/wp\/v2\/comments?post=124"}],"version-history":[{"count":1,"href":"https:\/\/combusuper.com\/index.php\/wp-json\/wp\/v2\/pages\/124\/revisions"}],"predecessor-version":[{"id":125,"href":"https:\/\/combusuper.com\/index.php\/wp-json\/wp\/v2\/pages\/124\/revisions\/125"}],"wp:featuredmedia":[{"embeddable":true,"href":"https:\/\/combusuper.com\/index.php\/wp-json\/wp\/v2\/media\/89"}],"wp:attachment":[{"href":"https:\/\/combusuper.com\/index.php\/wp-json\/wp\/v2\/media?parent=124"}],"curies":[{"name":"wp","href":"https:\/\/api.w.org\/{rel}","templated":true}]}}