{"id":99,"date":"2018-11-13T16:50:09","date_gmt":"2018-11-13T16:50:09","guid":{"rendered":"https:\/\/combusuper.com\/?page_id=99"},"modified":"2018-11-13T16:50:09","modified_gmt":"2018-11-13T16:50:09","slug":"calefaccion-2","status":"publish","type":"page","link":"https:\/\/combusuper.com\/index.php\/calefaccion-2\/","title":{"rendered":"Calefacci\u00f3n"},"content":{"rendered":"<p>La composici\u00f3n del GAS\u00d3LEO C es parecida a los gas\u00f3leos A o B, diferenci\u00e1ndose en que posee niveles m\u00e1s altos de parafina y azufre principalmente, componente que mejora la combusti\u00f3n y confiere un mayor poder calor\u00edfico.<\/p>\n<p><strong>Ahorro energ\u00e9tico.<\/strong><\/p>\n<p>Tanto el gas\u00f3leo B como el C tienen un poder calor\u00edfico parecido (aproximadamente 10.250 kcal\/kg). Pero la diferencia es la densidad. El gas\u00f3leo C tiene aproximadamente de media una densidad de 880 kg\/m3, mientras que el gas\u00f3leo B tiene 830 kg\/m3 de densidad. Esto quiere decir que si se necesitan 10.000 litros de gas\u00f3leo B para calentar algo, con algo m\u00e1s de 9.400 litros de gas\u00f3leo C hubiera sido suficiente, y como el gas\u00f3leo se vende en litros el ahorro supera el 5%.<\/p>\n<p><strong>Aditivaci\u00f3n.<\/strong><\/p>\n<p>El gas\u00f3leo B est\u00e1 dise\u00f1ado para quemar como carburante en motores de explosi\u00f3n interna, con unos paquetes de aditivos muy diferentes a los que tiene el gas\u00f3leo C, que est\u00e1 dise\u00f1ado para quemar como combustible en quemadores de calderas. Si se utiliza gas\u00f3leo B en calderas se pueden formar sales que ensucien y obstruyan los quemadores. Aunque a priori se piense que al ser un gas\u00f3leo m\u00e1s ligero vaya a mantener m\u00e1s limpio el circuito de combustible.<\/p>\n<p>&nbsp;<\/p>\n","protected":false},"excerpt":{"rendered":"<p>La composici\u00f3n del GAS\u00d3LEO C es parecida a los gas\u00f3leos A o B, diferenci\u00e1ndose en que posee niveles m\u00e1s altos de parafina y azufre principalmente, componente que mejora la combusti\u00f3n y confiere un mayor poder calor\u00edfico. Ahorro energ\u00e9tico. Tanto el gas\u00f3leo B como el C tienen un poder calor\u00edfico parecido (aproximadamente 10.250 kcal\/kg). Pero la [&hellip;]<\/p>\n","protected":false},"author":1,"featured_media":56,"parent":0,"menu_order":0,"comment_status":"closed","ping_status":"closed","template":"","meta":{"footnotes":""},"class_list":["post-99","page","type-page","status-publish","has-post-thumbnail","hentry"],"_links":{"self":[{"href":"https:\/\/combusuper.com\/index.php\/wp-json\/wp\/v2\/pages\/99"}],"collection":[{"href":"https:\/\/combusuper.com\/index.php\/wp-json\/wp\/v2\/pages"}],"about":[{"href":"https:\/\/combusuper.com\/index.php\/wp-json\/wp\/v2\/types\/page"}],"author":[{"embeddable":true,"href":"https:\/\/combusuper.com\/index.php\/wp-json\/wp\/v2\/users\/1"}],"replies":[{"embeddable":true,"href":"https:\/\/combusuper.com\/index.php\/wp-json\/wp\/v2\/comments?post=99"}],"version-history":[{"count":1,"href":"https:\/\/combusuper.com\/index.php\/wp-json\/wp\/v2\/pages\/99\/revisions"}],"predecessor-version":[{"id":100,"href":"https:\/\/combusuper.com\/index.php\/wp-json\/wp\/v2\/pages\/99\/revisions\/100"}],"wp:featuredmedia":[{"embeddable":true,"href":"https:\/\/combusuper.com\/index.php\/wp-json\/wp\/v2\/media\/56"}],"wp:attachment":[{"href":"https:\/\/combusuper.com\/index.php\/wp-json\/wp\/v2\/media?parent=99"}],"curies":[{"name":"wp","href":"https:\/\/api.w.org\/{rel}","templated":true}]}}